{"id":199,"date":"2025-01-16T13:33:36","date_gmt":"2025-01-16T13:33:36","guid":{"rendered":"https:\/\/hopeful-poincare.195-8-244-146.plesk.page\/?page_id=199"},"modified":"2025-01-29T11:48:10","modified_gmt":"2025-01-29T11:48:10","slug":"impressum","status":"publish","type":"page","link":"https:\/\/tigerjump.de\/?page_id=199","title":{"rendered":"Impressum"},"content":{"rendered":"\t\t<div data-elementor-type=\"wp-page\" data-elementor-id=\"199\" class=\"elementor elementor-199\" data-elementor-settings=\"{&quot;ha_cmc_init_switcher&quot;:&quot;no&quot;}\" data-elementor-post-type=\"page\">\n\t\t\t\t<div class=\"elementor-element elementor-element-268868e4 e-con-full e-flex e-con e-parent\" data-id=\"268868e4\" data-element_type=\"container\" data-e-type=\"container\" data-settings=\"{&quot;background_background&quot;:&quot;classic&quot;,&quot;_ha_eqh_enable&quot;:false}\">\n\t\t<div class=\"elementor-element elementor-element-e376d2c e-con-full e-flex e-con e-child\" data-id=\"e376d2c\" data-element_type=\"container\" data-e-type=\"container\" data-settings=\"{&quot;_ha_eqh_enable&quot;:false}\">\n\t\t\t\t<div class=\"elementor-element elementor-element-420e248 elementor-widget elementor-widget-theme-site-logo elementor-widget-image\" data-id=\"420e248\" data-element_type=\"widget\" data-e-type=\"widget\" data-settings=\"{&quot;_animation&quot;:&quot;none&quot;}\" data-widget_type=\"theme-site-logo.default\">\n\t\t\t\t<div class=\"elementor-widget-container\">\n\t\t\t\t\t\t\t\t\t\t\t<a href=\"https:\/\/tigerjump.de\">\n\t\t\t<img fetchpriority=\"high\" decoding=\"async\" width=\"520\" height=\"250\" src=\"https:\/\/tigerjump.de\/wp-content\/uploads\/2025\/01\/tiger_jump_logo.png\" class=\"attachment-full size-full wp-image-47\" alt=\"\" srcset=\"https:\/\/tigerjump.de\/wp-content\/uploads\/2025\/01\/tiger_jump_logo.png 520w, https:\/\/tigerjump.de\/wp-content\/uploads\/2025\/01\/tiger_jump_logo-300x144.png 300w\" sizes=\"(max-width: 520px) 100vw, 520px\" \/>\t\t\t\t<\/a>\n\t\t\t\t\t\t\t\t\t\t\t<\/div>\n\t\t\t\t<\/div>\n\t\t\t\t<div class=\"elementor-element elementor-element-10fd5dc9 elementor-invisible elementor-widget elementor-widget-heading\" data-id=\"10fd5dc9\" data-element_type=\"widget\" data-e-type=\"widget\" data-settings=\"{&quot;_animation&quot;:&quot;fadeInDown&quot;}\" data-widget_type=\"heading.default\">\n\t\t\t\t<div class=\"elementor-widget-container\">\n\t\t\t\t\t<h1 class=\"elementor-heading-title elementor-size-default\">Jump like a Tiger!<\/h1>\t\t\t\t<\/div>\n\t\t\t\t<\/div>\n\t\t\t\t<div class=\"elementor-element elementor-element-1d00fef elementor-invisible elementor-widget elementor-widget-text-editor\" data-id=\"1d00fef\" data-element_type=\"widget\" data-e-type=\"widget\" data-settings=\"{&quot;_animation&quot;:&quot;fadeInDown&quot;,&quot;_animation_delay&quot;:700}\" data-widget_type=\"text-editor.default\">\n\t\t\t\t<div class=\"elementor-widget-container\">\n\t\t\t\t\t\t\t\t\t<p>Welcome to the World of trampoline<\/p>\t\t\t\t\t\t\t\t<\/div>\n\t\t\t\t<\/div>\n\t\t\t\t<\/div>\n\t\t\t\t<\/div>\n\t\t<div class=\"elementor-element elementor-element-24f6a45 e-flex e-con-boxed e-con e-parent\" data-id=\"24f6a45\" data-element_type=\"container\" data-e-type=\"container\" data-settings=\"{&quot;_ha_eqh_enable&quot;:false}\">\n\t\t\t\t\t<div class=\"e-con-inner\">\n\t\t\t\t<div class=\"elementor-element elementor-element-fcd78a5 elementor-widget elementor-widget-spacer\" data-id=\"fcd78a5\" data-element_type=\"widget\" data-e-type=\"widget\" data-widget_type=\"spacer.default\">\n\t\t\t\t<div class=\"elementor-widget-container\">\n\t\t\t\t\t\t\t<div class=\"elementor-spacer\">\n\t\t\t<div class=\"elementor-spacer-inner\"><\/div>\n\t\t<\/div>\n\t\t\t\t\t\t<\/div>\n\t\t\t\t<\/div>\n\t\t\t\t<div class=\"elementor-element elementor-element-4ba4b1a elementor-widget elementor-widget-heading\" data-id=\"4ba4b1a\" data-element_type=\"widget\" data-e-type=\"widget\" data-widget_type=\"heading.default\">\n\t\t\t\t<div class=\"elementor-widget-container\">\n\t\t\t\t\t<h2 class=\"elementor-heading-title elementor-size-default\">Impressum<\/h2>\t\t\t\t<\/div>\n\t\t\t\t<\/div>\n\t\t\t\t<div class=\"elementor-element elementor-element-fdeafe4 elementor-widget elementor-widget-spacer\" data-id=\"fdeafe4\" data-element_type=\"widget\" data-e-type=\"widget\" data-widget_type=\"spacer.default\">\n\t\t\t\t<div class=\"elementor-widget-container\">\n\t\t\t\t\t\t\t<div class=\"elementor-spacer\">\n\t\t\t<div class=\"elementor-spacer-inner\"><\/div>\n\t\t<\/div>\n\t\t\t\t\t\t<\/div>\n\t\t\t\t<\/div>\n\t\t\t\t<div class=\"elementor-element elementor-element-a9eeead elementor-widget elementor-widget-text-editor\" data-id=\"a9eeead\" data-element_type=\"widget\" data-e-type=\"widget\" data-widget_type=\"text-editor.default\">\n\t\t\t\t<div class=\"elementor-widget-container\">\n\t\t\t\t\t\t\t\t\t<p><strong>Angaben gem\u00e4\u00df \u00a7 5 TMG:<\/strong><br \/>Tiger Jump GmbH<br \/>Uhlandstra\u00dfe 18<br \/>40237 D\u00fcsseldorf<\/p><p><strong>Vertreten durch:<\/strong><br \/>GF Elke Heinrich<\/p><p><strong>Kontakt:<\/strong><br \/>Telefon: +49 (0) 208 412461 0<br \/>E-Mail: info@tigerjump.de<\/p><p><strong>Registereintrag:<\/strong><br \/>Eintragung im Handelsregister.<br \/>Registergericht: Amtsgericht D\u00fcsseldorf<br \/>Registernummer: HRB 90052<\/p><p><strong>Umsatzsteuer:<\/strong><br \/>Umsatzsteuer-Identifikationsnummer gem\u00e4\u00df \u00a727 a Umsatzsteuergesetz:<br \/>DE307899835<\/p><p><strong>Streitschlichtung:<\/strong><br \/>Die Europ\u00e4ische Kommission stellt eine Plattform zur Online-Streitbeilegung (OS) bereit:\u00a0<a href=\"https:\/\/ec.europa.eu\/consumers\/odr\">https:\/\/ec.europa.eu\/consumers\/odr<\/a>.<br \/>Unsere E-Mail-Adresse finden Sie oben im Impressum.<\/p><p>Wir sind nicht bereit oder verpflichtet, an Streitbeilegungsverfahren vor einer Verbraucherschlichtungsstelle teilzunehmen.<\/p>\t\t\t\t\t\t\t\t<\/div>\n\t\t\t\t<\/div>\n\t\t\t\t\t<\/div>\n\t\t\t\t<\/div>\n\t\t\t\t<\/div>\n\t\t","protected":false},"excerpt":{"rendered":"<p>Jump like a Tiger! Welcome to the World of trampoline Impressum Angaben gem\u00e4\u00df \u00a7 5 TMG:Tiger Jump GmbHUhlandstra\u00dfe 1840237 D\u00fcsseldorf Vertreten durch:GF Elke Heinrich Kontakt:Telefon: +49 (0) 208 412461 0E-Mail: info@tigerjump.de Registereintrag:Eintragung im Handelsregister.Registergericht: Amtsgericht D\u00fcsseldorfRegisternummer: HRB 90052 Umsatzsteuer:Umsatzsteuer-Identifikationsnummer gem\u00e4\u00df \u00a727 a Umsatzsteuergesetz:DE307899835 Streitschlichtung:Die Europ\u00e4ische Kommission stellt eine Plattform zur Online-Streitbeilegung (OS) bereit:\u00a0https:\/\/ec.europa.eu\/consumers\/odr.Unsere E-Mail-Adresse finden [&hellip;]<\/p>\n","protected":false},"author":1,"featured_media":0,"parent":0,"menu_order":0,"comment_status":"closed","ping_status":"closed","template":"elementor_header_footer","meta":{"footnotes":""},"class_list":["post-199","page","type-page","status-publish","hentry"],"_links":{"self":[{"href":"https:\/\/tigerjump.de\/index.php?rest_route=\/wp\/v2\/pages\/199","targetHints":{"allow":["GET"]}}],"collection":[{"href":"https:\/\/tigerjump.de\/index.php?rest_route=\/wp\/v2\/pages"}],"about":[{"href":"https:\/\/tigerjump.de\/index.php?rest_route=\/wp\/v2\/types\/page"}],"author":[{"embeddable":true,"href":"https:\/\/tigerjump.de\/index.php?rest_route=\/wp\/v2\/users\/1"}],"replies":[{"embeddable":true,"href":"https:\/\/tigerjump.de\/index.php?rest_route=%2Fwp%2Fv2%2Fcomments&post=199"}],"version-history":[{"count":7,"href":"https:\/\/tigerjump.de\/index.php?rest_route=\/wp\/v2\/pages\/199\/revisions"}],"predecessor-version":[{"id":319,"href":"https:\/\/tigerjump.de\/index.php?rest_route=\/wp\/v2\/pages\/199\/revisions\/319"}],"wp:attachment":[{"href":"https:\/\/tigerjump.de\/index.php?rest_route=%2Fwp%2Fv2%2Fmedia&parent=199"}],"curies":[{"name":"wp","href":"https:\/\/api.w.org\/{rel}","templated":true}]}}